{"id":10,"date":"2023-01-24T13:38:11","date_gmt":"2023-01-24T16:38:11","guid":{"rendered":"https:\/\/blog.vr.com.br\/central-de-ensino\/cadastro-de-alunos\/"},"modified":"2023-01-25T13:56:13","modified_gmt":"2023-01-25T16:56:13","slug":"cadastro-de-alunos","status":"publish","type":"page","link":"https:\/\/blog.vr.com.br\/central-de-ensino\/cadastro-de-alunos\/","title":{"rendered":"Cadastro de alunos"},"content":{"rendered":"\n\n\t<div id=\"tutor-registration-wrap\">\n\n\t\t\n\t\t<form method=\"post\" enctype=\"multipart\/form-data\" id=\"tutor-registration-form\">\n\t\t\t<input type=\"hidden\" name=\"tutor_course_enroll_attempt\" value=\"\">\n\t\t\t\n\t\t\t<input type=\"hidden\" id=\"_tutor_nonce\" name=\"_tutor_nonce\" value=\"69bd7c7fff\" \/><input type=\"hidden\" name=\"_wp_http_referer\" value=\"\/central-de-ensino\/wp-json\/wp\/v2\/pages\/10\" \/>\t\t\t<input type=\"hidden\" value=\"tutor_register_student\" name=\"tutor_action\"\/>\n\n\t\t\t\n\t\t\t<div class=\"tutor-form-row\">\n\t\t\t\t<div class=\"tutor-form-col-6\">\n\t\t\t\t\t<div class=\"tutor-form-group\">\n\t\t\t\t\t\t<label>\n\t\t\t\t\t\t\tNome\t\t\t\t\t\t<\/label>\n\n\t\t\t\t\t\t<input type=\"text\" name=\"first_name\" value=\"\" placeholder=\"Nome\" required autocomplete=\"given-name\">\n\t\t\t\t\t<\/div>\n\t\t\t\t<\/div>\n\n\t\t\t\t<div class=\"tutor-form-col-6\">\n\t\t\t\t\t<div class=\"tutor-form-group\">\n\t\t\t\t\t\t<label>\n\t\t\t\t\t\t\tSobrenome\t\t\t\t\t\t<\/label>\n\n\t\t\t\t\t\t<input type=\"text\" name=\"last_name\" value=\"\" placeholder=\"Sobrenome\" required autocomplete=\"family-name\">\n\t\t\t\t\t<\/div>\n\t\t\t\t<\/div>\n\n\t\t\t<\/div>\n\n\t\t\t<div class=\"tutor-form-row\">\n\t\t\t\t<div class=\"tutor-form-col-6\">\n\t\t\t\t\t<div class=\"tutor-form-group\">\n\t\t\t\t\t\t<label>\n\t\t\t\t\t\t\tUsu\u00e1rio\t\t\t\t\t\t<\/label>\n\n\t\t\t\t\t\t<input type=\"text\" name=\"user_login\" class=\"tutor_user_name\" value=\"\" placeholder=\"Usu\u00e1rio\" required autocomplete=\"username\">\n\t\t\t\t\t<\/div>\n\t\t\t\t<\/div>\n\n\t\t\t\t<div class=\"tutor-form-col-6\">\n\t\t\t\t\t<div class=\"tutor-form-group\">\n\t\t\t\t\t\t<label>\n\t\t\t\t\t\t\tE-mail\t\t\t\t\t\t<\/label>\n\n\t\t\t\t\t\t<input type=\"text\" name=\"email\" value=\"\" placeholder=\"E-mail\" required autocomplete=\"email\">\n\t\t\t\t\t<\/div>\n\t\t\t\t<\/div>\n\n\t\t\t<\/div>\n\n\t\t\t<div class=\"tutor-form-row\">\n\t\t\t\t<div class=\"tutor-form-col-6\">\n\t\t\t\t\t<div class=\"tutor-form-group\">\n\t\t\t\t\t\t<div class=\"tutor-password-strength-checker\">\n\t\t\t\t\t\t\t<div class=\"tutor-password-field\">\n\t\t\t\t\t\t\t\t<label>\n\t\t\t\t\t\t\t\t\tSenha\t\t\t\t\t\t\t\t<\/label>\n\n\t\t\t\t\t\t\t\t<input class=\"password-checker\" id=\"tutor-new-password\" type=\"password\" name=\"password\" value=\"\" placeholder=\"Senha\" required autocomplete=\"new-password\" style=\"margin-bottom: 0;\">\n\t\t\t\t\t\t\t\t<span class=\"show-hide-btn\"><\/span>\n\t\t\t\t\t\t\t<\/div>\n\n\t\t\t\t\t\t\t<div class=\"tutor-password-strength-hint\">\n\t\t\t\t\t\t\t\t<div class=\"indicator\">\n\t\t\t\t\t\t\t\t\t<span class=\"weak\"><\/span>\n\t\t\t\t\t\t\t\t\t<span class=\"medium\"><\/span>\n\t\t\t\t\t\t\t\t\t<span class=\"strong\"><\/span>\n\t\t\t\t\t\t\t\t<\/div>\n\t\t\t\t\t\t\t\t<div class=\"text tutor-fs-7 tutor-color-muted\"><\/div>\n\t\t\t\t\t\t\t<\/div>\n\t\t\t\t\t\t<\/div>\n\t\t\t\t\t<\/div>\n\t\t\t\t<\/div>\n\n\t\t\t\t<div class=\"tutor-form-col-6\">\n\t\t\t\t\t<div class=\"tutor-form-group\">\n\t\t\t\t\t\t<label>\n\t\t\t\t\t\t\tConfirma\u00e7\u00e3o de senha\t\t\t\t\t\t<\/label>\n\n\t\t\t\t\t\t<div class=\"tutor-form-wrap\">\n\t\t\t\t\t\t\t<span class=\"tutor-validation-icon tutor-icon-mark tutor-color-success tutor-form-icon tutor-form-icon-reverse\" style=\"display: none;\"><\/span>\n\t\t\t\t\t\t\t<input type=\"password\" name=\"password_confirmation\" value=\"\" placeholder=\"Confirma\u00e7\u00e3o de senha\" required autocomplete=\"new-password\" style=\"margin-bottom: 0;\">\n\t\t\t\t\t\t<\/div>\n\t\t\t\t\t<\/div>\n\t\t\t\t<\/div>\n\t\t\t<\/div>\n\n\n\t\t\t<div class=\"tutor-form-row\">\n\t\t\t\t<div class=\"tutor-form-col-12\">\n\t\t\t\t\t<div class=\"tutor-form-group\">\n\t\t\t\t\t\t<div id=\"acf-form-data\" class=\"acf-hidden\">\n\t\t<input type=\"hidden\" id=\"_acf_screen\" name=\"_acf_screen\" value=\"user\"\/><input type=\"hidden\" id=\"_acf_post_id\" name=\"_acf_post_id\" value=\"user_0\"\/><input type=\"hidden\" id=\"_acf_validation\" name=\"_acf_validation\" value=\"0\"\/><input type=\"hidden\" id=\"_acf_nonce\" name=\"_acf_nonce\" value=\"18cc221ec7\"\/><input type=\"hidden\" id=\"_acf_changed\" name=\"_acf_changed\" value=\"0\"\/>\t<\/div>\n\t<h2>Usu\u00e1rios<\/h2><div class=\"acf-user-register-fields acf-fields -clear\"><div class=\"acf-field acf-field-text acf-field-63d16d8307ec8\" data-name=\"telefone\" data-type=\"text\" data-key=\"field_63d16d8307ec8\">\n<div class=\"acf-label\">\n<label for=\"acf-field_63d16d8307ec8\">Telefone<\/label><\/div>\n<div class=\"acf-input\">\n<div class=\"acf-input-wrap\"><input type=\"text\" id=\"acf-field_63d16d8307ec8\" name=\"acf[field_63d16d8307ec8]\"\/><\/div><\/div>\n<\/div>\n<div class=\"acf-field acf-field-text acf-field-63d16db2c9e44\" data-name=\"empresa\" data-type=\"text\" data-key=\"field_63d16db2c9e44\">\n<div class=\"acf-label\">\n<label for=\"acf-field_63d16db2c9e44\">Empresa<\/label><\/div>\n<div class=\"acf-input\">\n<div class=\"acf-input-wrap\"><input type=\"text\" id=\"acf-field_63d16db2c9e44\" name=\"acf[field_63d16db2c9e44]\"\/><\/div><\/div>\n<\/div>\n<div class=\"acf-field acf-field-text acf-field-643693c89ecf3\" data-name=\"cnpj\" data-type=\"text\" data-key=\"field_643693c89ecf3\">\n<div class=\"acf-label\">\n<label for=\"acf-field_643693c89ecf3\">CNPJ<\/label><\/div>\n<div class=\"acf-input\">\n<div class=\"acf-input-wrap\"><input type=\"text\" id=\"acf-field_643693c89ecf3\" name=\"acf[field_643693c89ecf3]\"\/><\/div><\/div>\n<\/div>\n<div class=\"acf-field acf-field-text acf-field-64c93ef701167\" data-name=\"plano\" data-type=\"text\" data-key=\"field_64c93ef701167\">\n<div class=\"acf-label\">\n<label for=\"acf-field_64c93ef701167\">Plano<\/label><\/div>\n<div class=\"acf-input\">\n<div class=\"acf-input-wrap\"><input type=\"text\" id=\"acf-field_64c93ef701167\" name=\"acf[field_64c93ef701167]\"\/><\/div><\/div>\n<\/div>\n<\/div>\t\t\t\t\t<\/div>\n\t\t\t\t<\/div>\n\t\t\t<\/div>    \n\n\t\t\t\n\t\t\t\t\t\t\n\t\t\t<div>\n\t\t\t\t<button type=\"submit\" name=\"tutor_register_student_btn\" value=\"register\" class=\"tutor-btn tutor-btn-primary tutor-btn-block\">Cadastrar<\/button>\n\t\t\t<\/div>\n\t\t\t\t\t\t\n\t\t<\/form>\n\t\t\t\t\n\t<\/div>\n\t","protected":false},"excerpt":{"rendered":"<p>Nome Sobrenome Usu\u00e1rio E-mail Senha Confirma\u00e7\u00e3o de senha Usu\u00e1rios Telefone Empresa CNPJ Plano Cadastrar<\/p>\n","protected":false},"author":1,"featured_media":0,"parent":0,"menu_order":0,"comment_status":"closed","ping_status":"closed","template":"elementor_header_footer","meta":{"_acf_changed":false,"footnotes":""},"coauthors":[],"class_list":["post-10","page","type-page","status-publish","hentry"],"acf":[],"_links":{"self":[{"href":"https:\/\/blog.vr.com.br\/central-de-ensino\/wp-json\/wp\/v2\/pages\/10","targetHints":{"allow":["GET"]}}],"collection":[{"href":"https:\/\/blog.vr.com.br\/central-de-ensino\/wp-json\/wp\/v2\/pages"}],"about":[{"href":"https:\/\/blog.vr.com.br\/central-de-ensino\/wp-json\/wp\/v2\/types\/page"}],"author":[{"embeddable":true,"href":"https:\/\/blog.vr.com.br\/central-de-ensino\/wp-json\/wp\/v2\/users\/1"}],"replies":[{"embeddable":true,"href":"https:\/\/blog.vr.com.br\/central-de-ensino\/wp-json\/wp\/v2\/comments?post=10"}],"version-history":[{"count":9,"href":"https:\/\/blog.vr.com.br\/central-de-ensino\/wp-json\/wp\/v2\/pages\/10\/revisions"}],"predecessor-version":[{"id":100,"href":"https:\/\/blog.vr.com.br\/central-de-ensino\/wp-json\/wp\/v2\/pages\/10\/revisions\/100"}],"wp:attachment":[{"href":"https:\/\/blog.vr.com.br\/central-de-ensino\/wp-json\/wp\/v2\/media?parent=10"}],"wp:term":[{"taxonomy":"author","embeddable":true,"href":"https:\/\/blog.vr.com.br\/central-de-ensino\/wp-json\/wp\/v2\/coauthors?post=10"}],"curies":[{"name":"wp","href":"https:\/\/api.w.org\/{rel}","templated":true}]}}