{"id":266,"date":"2023-01-25T16:41:00","date_gmt":"2023-01-25T19:41:00","guid":{"rendered":"https:\/\/blog.vr.com.br\/central-de-ensino\/?page_id=266"},"modified":"2023-01-25T16:42:08","modified_gmt":"2023-01-25T19:42:08","slug":"login","status":"publish","type":"page","link":"https:\/\/blog.vr.com.br\/central-de-ensino\/login\/","title":{"rendered":"Login"},"content":{"rendered":"\t\t<div data-elementor-type=\"wp-page\" data-elementor-id=\"266\" class=\"elementor elementor-266\" data-elementor-post-type=\"page\">\n\t\t\t\t\t\t<section class=\"elementor-section elementor-top-section elementor-element elementor-element-5cf6b75 elementor-section-boxed elementor-section-height-default elementor-section-height-default\" data-id=\"5cf6b75\" data-element_type=\"section\" data-e-type=\"section\">\n\t\t\t\t\t\t<div class=\"elementor-container elementor-column-gap-default\">\n\t\t\t\t\t<div class=\"elementor-column elementor-col-100 elementor-top-column elementor-element elementor-element-d338b6e\" data-id=\"d338b6e\" data-element_type=\"column\" data-e-type=\"column\">\n\t\t\t<div class=\"elementor-widget-wrap elementor-element-populated\">\n\t\t\t\t\t\t<div class=\"elementor-element elementor-element-4abf543 elementor-widget elementor-widget-heading\" data-id=\"4abf543\" data-element_type=\"widget\" data-e-type=\"widget\" data-widget_type=\"heading.default\">\n\t\t\t\t<div class=\"elementor-widget-container\">\n\t\t\t\t\t<h5 class=\"elementor-heading-title elementor-size-default\">J\u00e1 se inscreveu? Ou j\u00e1 tem uma conta? Fa\u00e7a o login.<\/h5>\t\t\t\t<\/div>\n\t\t\t\t<\/div>\n\t\t\t\t<div class=\"elementor-element elementor-element-3344841 elementor-widget elementor-widget-wpforms\" data-id=\"3344841\" data-element_type=\"widget\" data-e-type=\"widget\" data-widget_type=\"wpforms.default\">\n\t\t\t\t<div class=\"elementor-widget-container\">\n\t\t\t\t\t<div class=\"wpforms-container wpforms-container-full\" id=\"wpforms-263\"><form id=\"wpforms-form-263\" class=\"wpforms-validate wpforms-form\" data-formid=\"263\" method=\"post\" enctype=\"multipart\/form-data\" action=\"\/central-de-ensino\/wp-json\/wp\/v2\/pages\/266\" data-token=\"3fe6a1c0b10322c213bb26031e13ff76\" data-token-time=\"1778062223\"><noscript class=\"wpforms-error-noscript\">Ative o JavaScript no seu navegador para preencher este formul\u00e1rio.<\/noscript><div class=\"wpforms-field-container\"><div id=\"wpforms-263-field_0-container\" class=\"wpforms-field wpforms-field-text\" data-field-id=\"0\"><label class=\"wpforms-field-label\" for=\"wpforms-263-field_0\">Nome de usu\u00e1rio ou e-mail <span class=\"wpforms-required-label\">*<\/span><\/label><input type=\"text\" id=\"wpforms-263-field_0\" class=\"wpforms-field-large wpforms-field-required\" name=\"wpforms[fields][0]\" required><\/div><div id=\"wpforms-263-field_1-container\" class=\"wpforms-field wpforms-field-password\" data-field-id=\"1\"><label class=\"wpforms-field-label\" for=\"wpforms-263-field_1\">Senha <span class=\"wpforms-required-label\">*<\/span><\/label><input type=\"password\" id=\"wpforms-263-field_1\" class=\"wpforms-field-large wpforms-field-required\" name=\"wpforms[fields][1]\" spellcheck=\"false\" required><\/div><div id=\"wpforms-263-field_2-container\" class=\"wpforms-field wpforms-field-checkbox\" data-field-id=\"2\"><label class=\"wpforms-field-label wpforms-label-hide\">Lembre-me<\/label><ul id=\"wpforms-263-field_2\"><li class=\"choice-0 depth-1\"><input type=\"checkbox\" id=\"wpforms-263-field_2_0\" name=\"wpforms[fields][2][]\" value=\"Lembre-me\"  ><label class=\"wpforms-field-label-inline\" for=\"wpforms-263-field_2_0\">Lembre-me<\/label><\/li><\/ul><\/div><div id=\"wpforms-263-field_3-container\" class=\"wpforms-field wpforms-field-html\" data-field-id=\"3\"><div id=\"wpforms-263-field_3\"><p><a href=\"https:\/\/blog.vr.com.br\/central-de-ensino\/esqueci-minha-senha\/\">Esqueceu sua senha?<\/a><\/p><\/div><\/div><\/div><!-- .wpforms-field-container --><div class=\"wpforms-submit-container\" ><input type=\"hidden\" name=\"wpforms[id]\" value=\"263\"><input type=\"hidden\" name=\"page_title\" value=\"\"><input type=\"hidden\" name=\"page_url\" value=\"https:\/\/blog.vr.com.br\/central-de-ensino\/wp-json\/wp\/v2\/pages\/266\"><input type=\"hidden\" name=\"url_referer\" value=\"\"><button type=\"submit\" name=\"wpforms[submit]\" id=\"wpforms-submit-263\" class=\"wpforms-submit\" data-alt-text=\"Logando...\" data-submit-text=\"Fazer Login\" aria-live=\"assertive\" value=\"wpforms-submit\">Fazer Login<\/button><\/div><\/form><\/div>  <!-- .wpforms-container -->\t\t\t\t<\/div>\n\t\t\t\t<\/div>\n\t\t\t\t\t<\/div>\n\t\t<\/div>\n\t\t\t\t\t<\/div>\n\t\t<\/section>\n\t\t\t\t<\/div>\n\t\t","protected":false},"excerpt":{"rendered":"<p>J\u00e1 se inscreveu? Ou j\u00e1 tem uma conta? Fa\u00e7a o login.<\/p>\n","protected":false},"author":1,"featured_media":0,"parent":0,"menu_order":0,"comment_status":"closed","ping_status":"closed","template":"","meta":{"_acf_changed":false,"footnotes":""},"coauthors":[],"class_list":["post-266","page","type-page","status-publish","hentry"],"acf":[],"_links":{"self":[{"href":"https:\/\/blog.vr.com.br\/central-de-ensino\/wp-json\/wp\/v2\/pages\/266","targetHints":{"allow":["GET"]}}],"collection":[{"href":"https:\/\/blog.vr.com.br\/central-de-ensino\/wp-json\/wp\/v2\/pages"}],"about":[{"href":"https:\/\/blog.vr.com.br\/central-de-ensino\/wp-json\/wp\/v2\/types\/page"}],"author":[{"embeddable":true,"href":"https:\/\/blog.vr.com.br\/central-de-ensino\/wp-json\/wp\/v2\/users\/1"}],"replies":[{"embeddable":true,"href":"https:\/\/blog.vr.com.br\/central-de-ensino\/wp-json\/wp\/v2\/comments?post=266"}],"version-history":[{"count":4,"href":"https:\/\/blog.vr.com.br\/central-de-ensino\/wp-json\/wp\/v2\/pages\/266\/revisions"}],"predecessor-version":[{"id":270,"href":"https:\/\/blog.vr.com.br\/central-de-ensino\/wp-json\/wp\/v2\/pages\/266\/revisions\/270"}],"wp:attachment":[{"href":"https:\/\/blog.vr.com.br\/central-de-ensino\/wp-json\/wp\/v2\/media?parent=266"}],"wp:term":[{"taxonomy":"author","embeddable":true,"href":"https:\/\/blog.vr.com.br\/central-de-ensino\/wp-json\/wp\/v2\/coauthors?post=266"}],"curies":[{"name":"wp","href":"https:\/\/api.w.org\/{rel}","templated":true}]}}